{"id":13,"date":"2017-10-03T12:32:38","date_gmt":"2017-10-03T12:32:38","guid":{"rendered":"http:\/\/sccgw.de\/?page_id=13"},"modified":"2025-01-02T12:52:45","modified_gmt":"2025-01-02T12:52:45","slug":"impressum","status":"publish","type":"page","link":"https:\/\/sccgw.de\/?page_id=13","title":{"rendered":"Impressum"},"content":{"rendered":"<div data-colibri-id=\"13-c1\" class=\"style-496 style-local-13-c1 position-relative\">\n  <!---->\n  <div data-colibri-component=\"section\" data-colibri-id=\"13-c2\" id=\"initial-content\" class=\"h-section h-section-global-spacing d-flex align-items-lg-center align-items-md-center align-items-center style-497 style-local-13-c2 position-relative\">\n    <!---->\n    <!---->\n    <div class=\"h-section-grid-container h-section-boxed-container\">\n      <!---->\n      <div data-colibri-id=\"13-c3\" class=\"h-row-container gutters-row-lg-2 gutters-row-md-2 gutters-row-0 gutters-row-v-lg-2 gutters-row-v-md-2 gutters-row-v-2 style-498 style-local-13-c3 position-relative\">\n        <!---->\n        <div class=\"h-row justify-content-lg-center justify-content-md-center justify-content-center align-items-lg-stretch align-items-md-stretch align-items-stretch gutters-col-lg-2 gutters-col-md-2 gutters-col-0 gutters-col-v-lg-2 gutters-col-v-md-2 gutters-col-v-2\">\n          <!---->\n          <div class=\"h-column h-column-container d-flex h-col-lg-auto h-col-md-auto h-col-auto style-499-outer style-local-13-c4-outer\">\n            <div data-colibri-id=\"13-c4\" class=\"d-flex h-flex-basis h-column__inner h-px-lg-2 h-px-md-2 h-px-2 v-inner-lg-2 v-inner-md-2 v-inner-2 style-499 style-local-13-c4 position-relative\">\n              <!---->\n              <!---->\n              <div class=\"w-100 h-y-container h-column__content h-column__v-align flex-basis-100 align-self-lg-start align-self-md-start align-self-start\">\n                <!---->\n                <div data-colibri-id=\"13-c5\" class=\"style-500 style-local-13-c5 position-relative h-element\">\n                  <!---->\n                  <div>\n                    <h3>\n                      <img loading=\"lazy\" decoding=\"async\" class=\"wp-image-903 alignleft\" src=\"https:\/\/sccgw.de\/wp-content\/uploads\/2017\/12\/Kopfnl-300x240.png\" alt=\"\" width=\"288\" height=\"230\" srcset=\"https:\/\/sccgw.de\/wp-content\/uploads\/2017\/12\/Kopfnl-300x240.png 300w, https:\/\/sccgw.de\/wp-content\/uploads\/2017\/12\/Kopfnl.png 582w\" sizes=\"auto, (max-width: 288px) 100vw, 288px\" \/>\n                    <\/h3>\n                    <h3>Angaben gem\u00e4\u00df \u00a7 5 TMG:<\/h3>\n                    Sondersh\u00e4user Carneval Club &#8222;Gr\u00fcn-Wei\u00df&#8220; 1953 e. V. Weststra\u00dfe 2 99706 Sondershausen\n                    <p style=\"padding-left: 30px;\">Vertreten durch: Tina K\u00e4stner Telefon: 01743292826 E-Mail: scc-gruen-weiss@freenet.de<\/p>\n                    E-Mail: tina 0609sdh@web.de\n                    <h4><\/h4>\n                    <h4><\/h4>\n                    <h4><\/h4>\n                    <h4><\/h4>\n                    <h4>Registereintrag:<\/h4>\n                    Eintragung im Vereinsregister Registergericht:Amtsgericht Sondershausen Registernummer: VR147 Quelle: eRecht24, Rechtsanwalt f\u00fcr Internetrecht S\u00f6ren Siebert\n                    <h1>Haftungsausschluss:<\/h1>\n                    <h4>Haftung f\u00fcr Inhalte<\/h4>\n                    Die Inhalte unserer Seiten wurden mit gr\u00f6\u00dfter Sorgfalt erstellt. F\u00fcr die Richtigkeit, Vollst\u00e4ndigkeit und Aktualit\u00e4t der Inhalte k\u00f6nnen wir jedoch keine Gew\u00e4hr \u00fcbernehmen. Als Diensteanbieter sind wir gem\u00e4\u00df \u00a7 7 Abs.1 TMG f\u00fcr eigene Inhalte auf diesen\n                    Seiten nach den allgemeinen Gesetzen verantwortlich. Nach \u00a7\u00a7 8 bis 10 TMG sind wir als Diensteanbieter jedoch nicht verpflichtet, \u00fcbermittelte oder gespeicherte fremde Informationen zu \u00fcberwachen oder nach Umst\u00e4nden zu forschen, die\n                    auf eine rechtswidrige T\u00e4tigkeit hinweisen. Verpflichtungen zur Entfernung oder Sperrung der Nutzung von Informationen nach den allgemeinen Gesetzen bleiben hiervon unber\u00fchrt. Eine diesbez\u00fcgliche Haftung ist jedoch erst ab dem Zeitpunkt\n                    der Kenntnis einer konkreten Rechtsverletzung m\u00f6glich. Bei Bekanntwerden von entsprechenden Rechtsverletzungen werden wir diese Inhalte umgehend entfernen.\n                    <h4>Haftung f\u00fcr Links<\/h4>\n                    Unser Angebot enth\u00e4lt Links zu externen Webseiten Dritter, auf deren Inhalte wir keinen Einfluss haben. Deshalb k\u00f6nnen wir f\u00fcr diese fremden Inhalte auch keine Gew\u00e4hr \u00fcbernehmen. F\u00fcr die Inhalte der verlinkten Seiten ist stets der jeweilige Anbieter oder\n                    Betreiber der Seiten verantwortlich. Die verlinkten Seiten wurden zum Zeitpunkt der Verlinkung auf m\u00f6gliche Rechtsverst\u00f6\u00dfe \u00fcberpr\u00fcft. Rechtswidrige Inhalte waren zum Zeitpunkt der Verlinkung nicht erkennbar. Eine permanente inhaltliche\n                    Kontrolle der verlinkten Seiten ist jedoch ohne konkrete Anhaltspunkte einer Rechtsverletzung nicht zumutbar. Bei Bekanntwerden von Rechtsverletzungen werden wir derartige Links umgehend entfernen.\n                    <h4>Urheberrecht<\/h4>\n                    Die durch die Seitenbetreiber erstellten Inhalte und Werke auf diesen Seiten unterliegen dem deutschen Urheberrecht. Die Vervielf\u00e4ltigung, Bearbeitung, Verbreitung und jede Art der Verwertung au\u00dferhalb der Grenzen des Urheberrechtes bed\u00fcrfen der schriftlichen\n                    Zustimmung des jeweiligen Autors bzw. Erstellers. Downloads und Kopien dieser Seite sind nur f\u00fcr den privaten, nicht kommerziellen Gebrauch gestattet. Soweit die Inhalte auf dieser Seite nicht vom Betreiber erstellt wurden, werden\n                    die Urheberrechte Dritter beachtet. Insbesondere werden Inhalte Dritter als solche gekennzeichnet. Sollten Sie trotzdem auf eine Urheberrechtsverletzung aufmerksam werden, bitten wir um einen entsprechenden Hinweis. Bei Bekanntwerden\n                    von Rechtsverletzungen werden wir derartige Inhalte umgehend entfernen.<\/div>\n                <\/div>\n              <\/div>\n            <\/div>\n          <\/div>\n        <\/div>\n      <\/div>\n    <\/div>\n  <\/div>\n  <div data-colibri-component=\"section\" data-colibri-id=\"13-c6\" id=\"custom\" class=\"h-section h-section-global-spacing d-flex align-items-lg-center align-items-md-center align-items-center style-501 style-local-13-c6 position-relative\">\n    <!---->\n    <!---->\n    <div class=\"h-separator\" style=\"height: 100px; bottom: calc(0px);\">\n      <svg style=\"fill:rgb(0, 106, 75);\" xmlns=\"http:\/\/www.w3.org\/2000\/svg\" viewBox=\"0 0 1000 100\" preserveAspectRatio=\"none\">\n        <path class=\"svg-white-bg\" d=\"M737.9,94.7L0,0v100h1000V0L737.9,94.7z\"><\/path>\n      <\/svg>\n    <\/div>\n    <div class=\"h-section-grid-container h-section-boxed-container\">\n      <!---->\n      <div data-colibri-id=\"13-c7\" class=\"h-row-container gutters-row-lg-2 gutters-row-md-2 gutters-row-0 gutters-row-v-lg-2 gutters-row-v-md-2 gutters-row-v-2 style-502 style-local-13-c7 position-relative\">\n        <!---->\n        <div class=\"h-row justify-content-lg-center justify-content-md-center justify-content-center align-items-lg-stretch align-items-md-stretch align-items-stretch gutters-col-lg-2 gutters-col-md-2 gutters-col-0 gutters-col-v-lg-2 gutters-col-v-md-2 gutters-col-v-2\">\n          <!---->\n          <div class=\"h-column h-column-container d-flex h-col-lg-auto h-col-md-auto h-col-auto style-503-outer style-local-13-c8-outer\">\n            <div data-colibri-id=\"13-c8\" class=\"d-flex h-flex-basis h-column__inner h-px-lg-2 h-px-md-2 h-px-2 v-inner-lg-2 v-inner-md-2 v-inner-2 style-503 style-local-13-c8 position-relative\">\n              <!---->\n              <!---->\n              <div class=\"w-100 h-y-container h-column__content h-column__v-align flex-basis-100 align-self-lg-start align-self-md-start align-self-start\">\n                <!---->\n                <div data-colibri-id=\"13-c9\" class=\"h-x-container style-504 style-local-13-c9 position-relative h-element\">\n                  <!---->\n                  <div class=\"h-x-container-inner style-dynamic-13-c9-group style-504-spacing style-local-13-c9-spacing\"><span class=\"h-link__outer style-505-outer style-local-13-c10-outer d-inline-flex h-element\"><a h-use-smooth-scroll=\"true\" href=\"https:\/\/sccgw.de\/?page_id=13\"  data-colibri-id=\"13-c10\" class=\"d-flex w-100 align-items-center h-link style-505 style-local-13-c10 position-relative\"><!----><span  class=\"h-svg-icon h-link__icon style-505-icon style-local-13-c10-icon\"><!--Icon by Font Awesome (https:\/\/fontawesome.com)-->\n    <svg version=\"1.1\" xmlns=\"http:\/\/www.w3.org\/2000\/svg\" xmlns:xlink=\"http:\/\/www.w3.org\/1999\/xlink\" id=\"chevron-right\" viewBox=\"0 0 1280 1896.0833\">\n      <path d=\"M1107 877l-742 742q-19 19-45 19t-45-19l-166-166q-19-19-19-45t19-45l531-531-531-531q-19-19-19-45t19-45L275 45q19-19 45-19t45 19l742 742q19 19 19 45t-19 45z\"><\/path>\n    <\/svg><\/span> <span>Impressum<\/span><\/a>\n                    <\/span><span class=\"h-link__outer style-506-outer style-local-13-c11-outer d-inline-flex h-element\"><a h-use-smooth-scroll=\"true\" href=\"https:\/\/sccgw.de\/?page_id=946\"  data-colibri-id=\"13-c11\" class=\"d-flex w-100 align-items-center h-link style-506 style-local-13-c11 position-relative\"><!----><span  class=\"h-svg-icon h-link__icon style-506-icon style-local-13-c11-icon\"><!--Icon by Font Awesome (https:\/\/fontawesome.com)-->\n    <svg version=\"1.1\" xmlns=\"http:\/\/www.w3.org\/2000\/svg\" xmlns:xlink=\"http:\/\/www.w3.org\/1999\/xlink\" id=\"chevron-right\" viewBox=\"0 0 1280 1896.0833\">\n      <path d=\"M1107 877l-742 742q-19 19-45 19t-45-19l-166-166q-19-19-19-45t19-45l531-531-531-531q-19-19-19-45t19-45L275 45q19-19 45-19t45 19l742 742q19 19 19 45t-19 45z\"><\/path>\n    <\/svg><\/span> <span>Datenschutz<\/span><\/a>\n                    <\/span>\n                  <\/div>\n                <\/div>\n                <div data-colibri-id=\"13-c12\" class=\"style-508 style-local-13-c12 position-relative h-element\">\n                  <!---->\n                  <div class=\"d-flex flex-wrap h-social-icons justify-content-lg-center justify-content-md-center justify-content-center\">\n                    <div class=\"social-icon-container d-inline-flex\">\n                      <a href=\"https:\/\/www.facebook.com\/scc.gruen.weiss\/\" h-use-smooth-scroll=\"true\">\n                        <div class=\"icon-container h-social-icon h-global-transition\">\n                          <div class=\"h-icon-svg\" style=\"width: 100%; height: 100%;\">\n                            <!--Icon by Font Awesome (https:\/\/fontawesome.com)-->\n                            <svg version=\"1.1\" xmlns=\"http:\/\/www.w3.org\/2000\/svg\" xmlns:xlink=\"http:\/\/www.w3.org\/1999\/xlink\" id=\"facebook-square\" viewBox=\"0 0 1536 1896.0833\">\n                              <path d=\"M1248 128q119 0 203.5 84.5T1536 416v960q0 119-84.5 203.5T1248 1664h-188v-595h199l30-232h-229V689q0-56 23.5-84t91.5-28l122-1V369q-63-9-178-9-136 0-217.5 80T820 666v171H620v232h200v595H288q-119 0-203.5-84.5T0 1376V416q0-119 84.5-203.5T288 128h960z\"><\/path>\n                            <\/svg>\n                          <\/div>\n                        <\/div>\n                      <\/a>\n                    <\/div>\n                    <div class=\"social-icon-container d-inline-flex\">\n                      <a href=\"https:\/\/www.instagram.com\/scc_gruen_weiss\/profilecard\/?igsh=ZjQ1bzA2cGYwY2ds\" h-use-smooth-scroll=\"true\">\n                        <div class=\"icon-container h-social-icon h-global-transition\">\n                          <div class=\"h-icon-svg\" style=\"width: 100%; height: 100%;\">\n                            <!--Icon by Socicon (http:\/\/www.socicon.com)-->\n                            <svg version=\"1.1\" xmlns=\"http:\/\/www.w3.org\/2000\/svg\" viewBox=\"0 0 1500 1500\">\n\n                              <path d=\"M750 134.766c202.148 0 222.656 2.93 301.758 5.859 76.172 2.93 114.258 14.648 140.625 23.438 35.156 14.648 61.523 32.227 84.961 55.664 26.367 26.367 43.945 52.734 55.664 84.961 11.719 29.297 23.438 67.383 26.367 140.625 2.93 82.031 5.859 102.539 5.859 304.688s-2.93 222.656-5.859 301.758c-2.93 76.172-14.648 114.258-23.438 140.625-14.648 35.156-32.227 61.523-55.664 84.961-26.367 26.367-52.734 43.945-84.961 55.664-29.297 11.719-67.383 23.438-140.625 26.367-82.031 2.93-102.539 5.859-304.688 5.859s-222.656-2.93-301.758-5.859c-76.172-2.93-114.258-14.648-140.625-23.438-35.156-14.648-61.523-32.227-84.961-55.664-26.367-26.367-43.945-52.734-55.664-84.961-11.719-29.297-23.438-67.383-26.367-140.625-2.93-82.031-5.859-102.539-5.859-304.688s2.93-222.656 5.859-301.758c2.93-76.172 14.648-114.258 23.438-140.625 14.648-35.156 32.227-61.523 55.664-84.961 26.367-26.367 52.734-43.945 84.961-55.664 29.297-11.719 67.383-23.438 140.625-26.367 82.031-2.93 102.539-5.859 304.688-5.859M750 0c-205.078 0-228.516 2.93-307.617 5.859-82.031 2.93-137.695 14.648-181.641 32.227-49.805 20.508-93.75 46.875-134.766 87.891s-67.383 84.961-87.891 134.766c-17.578 46.875-29.297 99.609-32.227 181.641-2.93 79.102-5.859 102.539-5.859 307.617s2.93 228.516 5.859 307.617c2.93 82.031 14.648 137.695 32.227 181.641 20.508 49.805 46.875 93.75 87.891 134.766s84.961 67.383 134.766 87.891c46.875 17.578 99.609 29.297 181.641 32.227 79.102 2.93 102.539 5.859 307.617 5.859s228.516-2.93 307.617-5.859c82.031-2.93 137.695-14.648 181.641-32.227 49.805-20.508 93.75-46.875 134.766-87.891s67.383-84.961 87.891-134.766c17.578-46.875 29.297-99.609 32.227-181.641 2.93-79.102 5.859-102.539 5.859-307.617s-2.93-228.516-5.859-307.617c-2.93-82.031-14.648-137.695-32.227-181.641-20.508-49.805-46.875-93.75-87.891-134.766s-84.961-67.383-134.766-87.891c-46.875-17.578-99.609-29.297-181.641-32.227-79.102-2.93-102.539-5.859-307.617-5.859zM750 363.281c-213.867 0-386.719 172.852-386.719 386.719s172.852 386.719 386.719 386.719c213.867 0 386.719-172.852 386.719-386.719s-172.852-386.719-386.719-386.719zM750 1001.953c-137.695 0-251.953-114.258-251.953-251.953s114.258-251.953 251.953-251.953c137.695 0 251.953 114.258 251.953 251.953s-114.258 251.953-251.953 251.953zM1239.258 348.633c0 49.805-38.086 90.82-87.891 90.82s-90.82-41.016-90.82-90.82c0-49.805 41.016-87.891 90.82-87.891s87.891 38.086 87.891 87.891z\"><\/path>\n                            <\/svg>\n                          <\/div>\n                        <\/div>\n                      <\/a>\n                    <\/div>\n                  <\/div>\n                <\/div>\n              <\/div>\n            <\/div>\n          <\/div>\n        <\/div>\n      <\/div>\n    <\/div>\n  <\/div>\n<\/div>","protected":false},"excerpt":{"rendered":"<p>Angaben gem\u00e4\u00df \u00a7 5 TMG: Sondersh\u00e4user Carneval Club &#8222;Gr\u00fcn-Wei\u00df&#8220; 1953 e. V. Weststra\u00dfe 2 99706 Sondershausen Vertreten durch: Tina K\u00e4stner Telefon: 01743292826 E-Mail: scc-gruen-weiss@freenet.de E-Mail: tina 0609sdh@web.de Registereintrag: Eintragung im Vereinsregister Registergericht:Amtsgericht Sondershausen Registernummer: VR147 Quelle: eRecht24, Rechtsanwalt f\u00fcr Internetrecht S\u00f6ren Siebert Haftungsausschluss: Haftung f\u00fcr Inhalte Die Inhalte unserer Seiten wurden mit gr\u00f6\u00dfter Sorgfalt erstellt. [&hellip;]<\/p>\n","protected":false},"author":1,"featured_media":903,"parent":0,"menu_order":0,"comment_status":"closed","ping_status":"closed","template":"page-templates\/full-width-page.php","meta":{"ngg_post_thumbnail":0,"footnotes":""},"class_list":["post-13","page","type-page","status-publish","has-post-thumbnail","hentry"],"aioseo_notices":[],"_links":{"self":[{"href":"https:\/\/sccgw.de\/index.php?rest_route=\/wp\/v2\/pages\/13","targetHints":{"allow":["GET"]}}],"collection":[{"href":"https:\/\/sccgw.de\/index.php?rest_route=\/wp\/v2\/pages"}],"about":[{"href":"https:\/\/sccgw.de\/index.php?rest_route=\/wp\/v2\/types\/page"}],"author":[{"embeddable":true,"href":"https:\/\/sccgw.de\/index.php?rest_route=\/wp\/v2\/users\/1"}],"replies":[{"embeddable":true,"href":"https:\/\/sccgw.de\/index.php?rest_route=%2Fwp%2Fv2%2Fcomments&post=13"}],"version-history":[{"count":20,"href":"https:\/\/sccgw.de\/index.php?rest_route=\/wp\/v2\/pages\/13\/revisions"}],"predecessor-version":[{"id":7535,"href":"https:\/\/sccgw.de\/index.php?rest_route=\/wp\/v2\/pages\/13\/revisions\/7535"}],"wp:featuredmedia":[{"embeddable":true,"href":"https:\/\/sccgw.de\/index.php?rest_route=\/wp\/v2\/media\/903"}],"wp:attachment":[{"href":"https:\/\/sccgw.de\/index.php?rest_route=%2Fwp%2Fv2%2Fmedia&parent=13"}],"curies":[{"name":"wp","href":"https:\/\/api.w.org\/{rel}","templated":true}]}}