{"id":7624,"date":"2025-01-02T14:47:11","date_gmt":"2025-01-02T14:47:11","guid":{"rendered":"https:\/\/sccgw.de\/?page_id=7624"},"modified":"2025-01-12T16:51:13","modified_gmt":"2025-01-12T16:51:13","slug":"chroniken","status":"publish","type":"page","link":"https:\/\/sccgw.de\/?page_id=7624","title":{"rendered":"Chroniken"},"content":{"rendered":"<div data-colibri-id=\"7624-c1\" class=\"style-518 style-local-7624-c1 position-relative\">\n  <!---->\n  <div data-colibri-component=\"section\" data-colibri-id=\"7624-c2\" id=\"vereinsgeschichte\" class=\"h-section h-section-global-spacing d-flex align-items-lg-center align-items-md-center align-items-center style-889 style-local-7624-c2 position-relative\">\n    <!---->\n    <!---->\n    <div class=\"h-section-grid-container h-section-boxed-container\">\n      <!---->\n      <div data-colibri-id=\"7624-c3\" class=\"h-row-container gutters-row-lg-0 gutters-row-md-0 gutters-row-0 gutters-row-v-lg-0 gutters-row-v-md-0 gutters-row-v-0 style-890 style-local-7624-c3 position-relative\">\n        <!---->\n        <div class=\"h-row justify-content-lg-center justify-content-md-center justify-content-center align-items-lg-stretch align-items-md-stretch align-items-stretch gutters-col-lg-0 gutters-col-md-0 gutters-col-0 gutters-col-v-lg-0 gutters-col-v-md-0 gutters-col-v-0\">\n          <!---->\n          <div class=\"h-column h-column-container d-flex h-col-lg-auto h-col-md-auto h-col-auto style-891-outer style-local-7624-c4-outer\">\n            <div data-colibri-id=\"7624-c4\" class=\"d-flex h-flex-basis h-column__inner h-px-lg-0 h-px-md-0 h-px-0 v-inner-lg-0 v-inner-md-0 v-inner-0 style-891 style-local-7624-c4 position-relative\">\n              <!---->\n              <!---->\n              <div class=\"w-100 h-y-container h-column__content h-column__v-align flex-basis-100 align-self-lg-start align-self-md-start align-self-start\">\n                <!---->\n                <div data-colibri-id=\"7624-c5\" class=\"h-global-transition-all h-heading style-893 style-local-7624-c5 position-relative h-element\">\n                  <!---->\n                  <div class=\"h-heading__outer style-893 style-local-7624-c5\">\n                    <!---->\n                    <!---->\n                    <h2 class=\"\">Vereinsgeschichte<\/h2>\n                  <\/div>\n                <\/div>\n                <div data-colibri-id=\"7624-c6\" class=\"h-text h-text-component style-894 style-local-7624-c6 position-relative h-element\">\n                  <!---->\n                  <!---->\n                  <div class=\"\">\n                    <p>Der SCC Gr\u00fcn-Wei\u00df gr\u00fcndete sich 1953 im Sondersh\u00e4user Schersental.\n                      <br>\n                      <br>Unsere Chronik wird j\u00e4hrlich gestaltet gef\u00fcttert von Andrea Bork, unserem \u201eM\u00e4dchen f\u00fcr allles!\u201c<\/p>\n                    <p>Im Jahr 2023\/24 \u2013 der 71. Session \u2013 durften wir eine eigens komponierte Hymne auf die B\u00fchne bringen, die die Entstehungsgeschichte vertont:<\/p>\n                    <p>\n                      <br>\n                    <\/p>\n                  <\/div>\n                <\/div>\n                <div data-colibri-id=\"7624-c7\" class=\"h-x-container style-902 style-local-7624-c7 position-relative h-element\">\n                  <!---->\n                  <div class=\"h-x-container-inner style-dynamic-7624-c7-group style-902-spacing style-local-7624-c7-spacing\"><span class=\"h-button__outer style-903-outer style-local-7624-c8-outer d-inline-flex h-element\"><a h-use-smooth-scroll=\"true\" href=\"https:\/\/sccgw.de\/wp-content\/uploads\/2025\/01\/Hymne.mp3\" target=\"_blank\"  data-colibri-id=\"7624-c8\" class=\"d-flex w-100 align-items-center h-button justify-content-lg-center justify-content-md-center justify-content-center style-903 style-local-7624-c8 position-relative\"><!----><!----> <span>zum Vereinslied<\/span><\/a>\n                    <\/span>\n                  <\/div>\n                <\/div>\n              <\/div>\n            <\/div>\n          <\/div>\n          <div class=\"h-column h-column-container d-flex h-col-lg-auto h-col-md-auto h-col-auto style-895-outer style-local-7624-c9-outer\">\n            <div data-colibri-id=\"7624-c9\" class=\"d-flex h-flex-basis h-column__inner h-ui-empty-state-container h-px-lg-2 h-px-md-2 h-px-2 v-inner-lg-2 v-inner-md-2 v-inner-2 style-895 style-local-7624-c9 position-relative\">\n              <!---->\n              <!---->\n              <div class=\"w-100 h-y-container h-column__content h-column__v-align flex-basis-100\">\n                <!---->\n              <\/div>\n            <\/div>\n          <\/div>\n        <\/div>\n      <\/div>\n      <div data-colibri-id=\"7624-c10\" class=\"h-row-container gutters-row-lg-2 gutters-row-md-2 gutters-row-0 gutters-row-v-lg-2 gutters-row-v-md-2 gutters-row-v-2 style-899 style-local-7624-c10 position-relative\">\n        <!---->\n        <div class=\"h-row justify-content-lg-center justify-content-md-center justify-content-center align-items-lg-stretch align-items-md-stretch align-items-stretch gutters-col-lg-2 gutters-col-md-2 gutters-col-0 gutters-col-v-lg-2 gutters-col-v-md-2 gutters-col-v-2\">\n          <!---->\n          <div class=\"h-column h-column-container d-flex h-col-lg-auto h-col-md-auto h-col-auto style-900-outer style-local-7624-c11-outer\">\n            <div data-colibri-id=\"7624-c11\" class=\"d-flex h-flex-basis h-column__inner h-px-lg-2 h-px-md-2 h-px-2 v-inner-lg-2 v-inner-md-2 v-inner-2 style-900 style-local-7624-c11 position-relative\">\n              <!---->\n              <!---->\n              <div class=\"w-100 h-y-container h-column__content h-column__v-align flex-basis-100 align-self-lg-start align-self-md-start align-self-start\">\n                <!---->\n                <div data-colibri-id=\"7624-c12\" class=\"h-global-transition-all h-heading style-901 style-local-7624-c12 position-relative h-element\">\n                  <!---->\n                  <div class=\"h-heading__outer style-901 style-local-7624-c12\">\n                    <!---->\n                    <!---->\n                    <h1 class=\"\">Unser Vereinslied<\/h1>\n                  <\/div>\n                <\/div>\n              <\/div>\n            <\/div>\n          <\/div>\n        <\/div>\n      <\/div>\n      <div data-colibri-id=\"7624-c13\" class=\"h-row-container gutters-row-lg-2 gutters-row-md-2 gutters-row-0 gutters-row-v-lg-2 gutters-row-v-md-2 gutters-row-v-2 style-896 style-local-7624-c13 position-relative\">\n        <!---->\n        <div class=\"h-row justify-content-lg-center justify-content-md-center justify-content-center align-items-lg-stretch align-items-md-stretch align-items-stretch gutters-col-lg-2 gutters-col-md-2 gutters-col-0 gutters-col-v-lg-2 gutters-col-v-md-2 gutters-col-v-2\">\n          <!---->\n          <div class=\"h-column h-column-container d-flex h-col-lg-auto h-col-md-auto h-col-auto style-897-outer style-local-7624-c14-outer\">\n            <div data-colibri-id=\"7624-c14\" class=\"d-flex h-flex-basis h-column__inner h-px-lg-2 h-px-md-2 h-px-2 v-inner-lg-2 v-inner-md-2 v-inner-2 style-897 style-local-7624-c14 position-relative\">\n              <!---->\n              <!---->\n              <div class=\"w-100 h-y-container h-column__content h-column__v-align flex-basis-100 align-self-lg-start align-self-md-start align-self-start\">\n                <!---->\n                <div data-colibri-id=\"7624-c15\" class=\"h-lead h-text h-text-component style-898 style-local-7624-c15 position-relative h-element\">\n                  <!---->\n                  <!---->\n                  <div class=\"\">\n                    <p>\u201eVor \u00fcber 70 Jahren, da fing es mit uns an, der wunderbare SCC Gr\u00fcn-Wei\u00df trat auf den Plan.<\/p>\n                    <p>Im Schersental gegr\u00fcndet, es war wie Zauberei, im Sondersh\u00e4user Karneval sind wir seither dabei. Erst Wipperperle Jecha und dann im Haus der Kunst, \u00b4ne Menge aktive Mitglieder schenken uns ihre Gunst, auch viele Kinder sind dabei,\n                      das war schon immer so, und unser Ehrenpr\u00e4sident, der Werner, sowieso.An jedem 11.11. beginnt unsre Session, und auf die vielen Sitzungen, da freuen wir uns schon, mit einem eignen Wagen im Rosenmontagszug, und erst am Aschermittwoch\n                      ja, da haben wir genug.<\/p>\n                    <p>Mit Tanzmariechen, Elferrat und Garde, schaut nur her, zwei Prinzenpaare kr\u00f6nen wir, das freut uns alle sehr. Ob Goosepimpels, Celebrations oder Happy Feets, ob M\u00e4nnerballett, ob Shining Stars oder Rudelrocker-Beats.<\/p>\n                    <p>Doch auch im Rest des Jahres, da bleiben wir nicht stumm, Residenzstadt oder Sommerfest, wir sind dabei mit Schwung. So ist das ganze Jahr erf\u00fcllt, wir bleiben stets in Form, und endlich im November dann beginnt der Zauber von vorn\u201c<\/p>\n                  <\/div>\n                <\/div>\n              <\/div>\n            <\/div>\n          <\/div>\n        <\/div>\n      <\/div>\n      <div data-colibri-id=\"7624-c16\" class=\"h-row-container gutters-row-lg-2 gutters-row-md-2 gutters-row-0 gutters-row-v-lg-2 gutters-row-v-md-2 gutters-row-v-2 style-907 style-local-7624-c16 position-relative\">\n        <!---->\n        <div class=\"h-row justify-content-lg-center justify-content-md-center justify-content-center align-items-lg-stretch align-items-md-stretch align-items-stretch gutters-col-lg-2 gutters-col-md-2 gutters-col-0 gutters-col-v-lg-2 gutters-col-v-md-2 gutters-col-v-2\">\n          <!---->\n          <div class=\"h-column h-column-container d-flex h-col-lg-auto h-col-md-auto h-col-auto style-908-outer style-local-7624-c17-outer\">\n            <div data-colibri-id=\"7624-c17\" class=\"d-flex h-flex-basis h-column__inner h-px-lg-2 h-px-md-2 h-px-2 v-inner-lg-2 v-inner-md-2 v-inner-2 style-908 style-local-7624-c17 position-relative\">\n              <!---->\n              <!---->\n              <div class=\"w-100 h-y-container h-column__content h-column__v-align flex-basis-100 align-self-lg-start align-self-md-start align-self-start\">\n                <!---->\n                <div data-colibri-id=\"7624-c18\" class=\"h-text h-text-component style-909 style-local-7624-c18 position-relative h-element\">\n                  <!---->\n                  <!---->\n                  <div class=\"\">\n                    <p>Und wie es, nicht zuletzt im Refrain, besungen wird lautet unser Motto stets:<\/p>\n                  <\/div>\n                <\/div>\n                <div data-colibri-id=\"7624-c19\" class=\"h-text h-text-component style-910 style-local-7624-c19 position-relative h-element\">\n                  <!---->\n                  <!---->\n                  <div class=\"\">\n                    <p>Wir halten fest zusammen, egal, was auch passiert, denn wir sind als Familie im Fasching etabliert, drum rufen wir aus voller Freude und voll Stolz hinaus:<\/p>\n                    <p>Sondershausen HELAU, viva Gr\u00fcn-Wei\u00df HELAU, SCC HELAU!<\/p>\n                  <\/div>\n                <\/div>\n              <\/div>\n            <\/div>\n          <\/div>\n        <\/div>\n      <\/div>\n      <div data-colibri-id=\"7624-c20\" class=\"h-row-container gutters-row-lg-2 gutters-row-md-2 gutters-row-0 gutters-row-v-lg-2 gutters-row-v-md-2 gutters-row-v-2 style-914 style-local-7624-c20 position-relative\">\n        <!---->\n        <div class=\"h-row justify-content-lg-center justify-content-md-center justify-content-center align-items-lg-stretch align-items-md-stretch align-items-stretch gutters-col-lg-2 gutters-col-md-2 gutters-col-0 gutters-col-v-lg-2 gutters-col-v-md-2 gutters-col-v-2\">\n          <!---->\n          <div class=\"h-column h-column-container d-flex h-col-lg-auto h-col-md-auto h-col-auto style-915-outer style-local-7624-c21-outer\">\n            <div data-colibri-id=\"7624-c21\" class=\"d-flex h-flex-basis h-column__inner h-px-lg-2 h-px-md-2 h-px-2 v-inner-lg-2 v-inner-md-2 v-inner-2 style-915 style-local-7624-c21 position-relative\">\n              <!---->\n              <!---->\n              <div class=\"w-100 h-y-container h-column__content h-column__v-align flex-basis-100 align-self-lg-start align-self-md-start align-self-start\">\n                <!---->\n                <div data-colibri-id=\"7624-c22\" class=\"h-text h-text-component style-916 style-local-7624-c22 position-relative h-element\">\n                  <!---->\n                  <!---->\n                  <div class=\"\">\n                    <p><em style=\"font-weight: 400; font-size: 16px; font-family: &quot;Open Sans&quot;; color: rgb(23, 37, 42);\">Text und Musik: Corina Sch\u00fctze-Herrmann<\/em>\n                      <br><em style=\"font-weight: 400; font-size: 16px; font-family: &quot;Open Sans&quot;; color: rgb(23, 37, 42);\">Gesang: Hannes Sauerbier sowie Vereins-Chor<\/em>\n                      <br><em style=\"font-weight: 400; font-size: 16px; font-family: &quot;Open Sans&quot;; color: rgb(23, 37, 42);\">Produktion: Leon Kaufmann, Lutz Kirchner<\/em><\/p>\n                  <\/div>\n                <\/div>\n              <\/div>\n            <\/div>\n          <\/div>\n        <\/div>\n      <\/div>\n    <\/div>\n  <\/div>\n  <div data-colibri-component=\"section\" data-colibri-id=\"7624-c23\" id=\"about\" class=\"h-section h-section-global-spacing d-flex align-items-lg-center align-items-md-center align-items-center style-519 style-local-7624-c23 position-relative\">\n    <!---->\n    <!---->\n    <div class=\"h-section-grid-container h-section-boxed-container\">\n      <!---->\n      <div data-colibri-id=\"7624-c24\" class=\"h-row-container gutters-row-lg-2 gutters-row-md-2 gutters-row-0 gutters-row-v-lg-2 gutters-row-v-md-2 gutters-row-v-2 style-520 style-local-7624-c24 position-relative\">\n        <!---->\n        <div class=\"h-row justify-content-lg-center justify-content-md-center justify-content-center align-items-lg-stretch align-items-md-stretch align-items-stretch gutters-col-lg-2 gutters-col-md-2 gutters-col-0 gutters-col-v-lg-2 gutters-col-v-md-2 gutters-col-v-2\">\n          <!---->\n          <div class=\"h-column h-column-container d-flex h-col-lg-6 h-col-md-6 h-col-12 style-521-outer style-local-7624-c25-outer\">\n            <div data-colibri-id=\"7624-c25\" class=\"d-flex h-flex-basis h-column__inner h-px-lg-0 h-px-md-0 h-px-0 v-inner-lg-0 v-inner-md-0 v-inner-0 style-521 style-local-7624-c25 position-relative\">\n              <!---->\n              <!---->\n              <div class=\"w-100 h-y-container h-column__content h-column__v-align flex-basis-100 align-self-lg-start align-self-md-start align-self-start\">\n                <!---->\n                <div data-colibri-id=\"7624-c26\" class=\"h-x-container style-532 style-local-7624-c26 position-relative h-element\">\n                  <!---->\n                  <div class=\"h-x-container-inner style-dynamic-7624-c26-group style-532-spacing style-local-7624-c26-spacing\"><span class=\"h-button__outer style-533-outer style-local-7624-c27-outer d-inline-flex h-element\"><a h-use-smooth-scroll=\"true\" href=\"https:\/\/sccgw.de\/?page_id=7581\"  data-colibri-id=\"7624-c27\" class=\"d-flex w-100 align-items-center h-button justify-content-lg-center justify-content-md-center justify-content-center style-533 style-local-7624-c27 position-relative\"><!----><!----> <span>zur Chronik<\/span><\/a>\n                    <\/span>\n                  <\/div>\n                <\/div>\n                <div data-colibri-id=\"7624-c28\" class=\"h-text h-text-component style-536 style-local-7624-c28 position-relative h-element\">\n                  <!---->\n                  <!---->\n                  <div class=\"\">\n                    <p>1953<\/p>\n                  <\/div>\n                <\/div>\n              <\/div>\n            <\/div>\n          <\/div>\n        <\/div>\n      <\/div>\n    <\/div>\n  <\/div>\n<\/div>","protected":false},"excerpt":{"rendered":"<p>Vereinsgeschichte Der SCC Gr\u00fcn-Wei\u00df gr\u00fcndete sich 1953 im Sondersh\u00e4user Schersental. Unsere Chronik wird j\u00e4hrlich gestaltet gef\u00fcttert von Andrea Bork, unserem \u201eM\u00e4dchen f\u00fcr allles!\u201c Im Jahr 2023\/24 \u2013 der 71. Session \u2013 durften wir eine eigens komponierte Hymne auf die B\u00fchne bringen, die die Entstehungsgeschichte vertont: zum Vereinslied Unser Vereinslied \u201eVor \u00fcber 70 Jahren, da fing [&hellip;]<\/p>\n","protected":false},"author":1,"featured_media":0,"parent":0,"menu_order":0,"comment_status":"closed","ping_status":"closed","template":"page-templates\/full-width-page.php","meta":{"ngg_post_thumbnail":0,"footnotes":""},"class_list":["post-7624","page","type-page","status-publish","hentry"],"aioseo_notices":[],"_links":{"self":[{"href":"https:\/\/sccgw.de\/index.php?rest_route=\/wp\/v2\/pages\/7624","targetHints":{"allow":["GET"]}}],"collection":[{"href":"https:\/\/sccgw.de\/index.php?rest_route=\/wp\/v2\/pages"}],"about":[{"href":"https:\/\/sccgw.de\/index.php?rest_route=\/wp\/v2\/types\/page"}],"author":[{"embeddable":true,"href":"https:\/\/sccgw.de\/index.php?rest_route=\/wp\/v2\/users\/1"}],"replies":[{"embeddable":true,"href":"https:\/\/sccgw.de\/index.php?rest_route=%2Fwp%2Fv2%2Fcomments&post=7624"}],"version-history":[{"count":7,"href":"https:\/\/sccgw.de\/index.php?rest_route=\/wp\/v2\/pages\/7624\/revisions"}],"predecessor-version":[{"id":8072,"href":"https:\/\/sccgw.de\/index.php?rest_route=\/wp\/v2\/pages\/7624\/revisions\/8072"}],"wp:attachment":[{"href":"https:\/\/sccgw.de\/index.php?rest_route=%2Fwp%2Fv2%2Fmedia&parent=7624"}],"curies":[{"name":"wp","href":"https:\/\/api.w.org\/{rel}","templated":true}]}}